{"id":42,"date":"2026-01-14T20:04:07","date_gmt":"2026-01-14T19:04:07","guid":{"rendered":"https:\/\/lconsult.ch\/?page_id=42"},"modified":"2026-01-19T15:40:37","modified_gmt":"2026-01-19T14:40:37","slug":"kontakt","status":"publish","type":"page","link":"https:\/\/lconsult.ch\/?page_id=42","title":{"rendered":"Kontakt"},"content":{"rendered":"\n<p class=\"has-text-align-center\"><\/p>\n\n\n\n<h1 class=\"wp-block-heading has-text-align-center\">Dany L\u00fctolf<\/h1>\n\n\n\n<figure class=\"wp-block-image aligncenter size-full\"><img loading=\"lazy\" decoding=\"async\" width=\"733\" height=\"959\" src=\"https:\/\/lconsult.ch\/wp-content\/uploads\/2026\/01\/19-1.jpeg\" alt=\"\" class=\"wp-image-112\" srcset=\"https:\/\/lconsult.ch\/wp-content\/uploads\/2026\/01\/19-1.jpeg 733w, https:\/\/lconsult.ch\/wp-content\/uploads\/2026\/01\/19-1-229x300.jpeg 229w\" sizes=\"auto, (max-width: 733px) 100vw, 733px\" \/><\/figure>\n\n\n\n<p class=\"has-text-align-center\"><\/p>\n\n\n\n<h1 class=\"wp-block-heading has-text-align-center\">Gesch\u00e4ftsleitung<\/h1>\n\n\n\n<p class=\"has-text-align-center\">Executive MBA, General Managment Universit\u00e4t St.Gallen<br>Eidg. dipl. Finanzanalytiker und Verm\u00f6gensverwalter, AZEK<br>Betriebs\u00f6konom FH, HSLU<\/p>\n\n\n\n<p><\/p>\n\n\n\n<p><\/p>\n\n\n\n<p class=\"has-text-align-center\"><\/p>\n\n\n\n<h1 class=\"wp-block-heading has-text-align-center\">L\u00fctolf Consult<\/h1>\n\n\n\n<p class=\"has-text-align-center\">Zwydenweg 16, 6052 Hergiswil, Schweiz<br>Telefon: +41 78 602 70 62<br>E-Mail:&nbsp;dany.luetolf@me.com&nbsp;<\/p>\n","protected":false},"excerpt":{"rendered":"<p>Dany L\u00fctolf Gesch\u00e4ftsleitung Executive MBA, General Managment Universit\u00e4t St.GallenEidg. dipl. Finanzanalytiker und Verm\u00f6gensverwalter, AZEKBetriebs\u00f6konom FH, HSLU L\u00fctolf Consult Zwydenweg 16, 6052 Hergiswil, SchweizTelefon: +41 78 602 70 62E-Mail:&nbsp;dany.luetolf@me.com&nbsp;<\/p>\n","protected":false},"author":1,"featured_media":0,"parent":0,"menu_order":0,"comment_status":"closed","ping_status":"closed","template":"","meta":{"footnotes":""},"class_list":["post-42","page","type-page","status-publish","hentry"],"_links":{"self":[{"href":"https:\/\/lconsult.ch\/index.php?rest_route=\/wp\/v2\/pages\/42","targetHints":{"allow":["GET"]}}],"collection":[{"href":"https:\/\/lconsult.ch\/index.php?rest_route=\/wp\/v2\/pages"}],"about":[{"href":"https:\/\/lconsult.ch\/index.php?rest_route=\/wp\/v2\/types\/page"}],"author":[{"embeddable":true,"href":"https:\/\/lconsult.ch\/index.php?rest_route=\/wp\/v2\/users\/1"}],"replies":[{"embeddable":true,"href":"https:\/\/lconsult.ch\/index.php?rest_route=%2Fwp%2Fv2%2Fcomments&post=42"}],"version-history":[{"count":7,"href":"https:\/\/lconsult.ch\/index.php?rest_route=\/wp\/v2\/pages\/42\/revisions"}],"predecessor-version":[{"id":116,"href":"https:\/\/lconsult.ch\/index.php?rest_route=\/wp\/v2\/pages\/42\/revisions\/116"}],"wp:attachment":[{"href":"https:\/\/lconsult.ch\/index.php?rest_route=%2Fwp%2Fv2%2Fmedia&parent=42"}],"curies":[{"name":"wp","href":"https:\/\/api.w.org\/{rel}","templated":true}]}}