{"id":99,"date":"2026-01-19T10:59:44","date_gmt":"2026-01-19T09:59:44","guid":{"rendered":"https:\/\/lconsult.ch\/?page_id=99"},"modified":"2026-01-22T17:11:40","modified_gmt":"2026-01-22T16:11:40","slug":"99-2","status":"publish","type":"page","link":"https:\/\/lconsult.ch\/","title":{"rendered":"Home"},"content":{"rendered":"\n<div class=\"wp-block-cover\"><img loading=\"lazy\" decoding=\"async\" width=\"1024\" height=\"811\" class=\"wp-block-cover__image-background wp-image-100\" alt=\"\" src=\"https:\/\/lconsult.ch\/wp-content\/uploads\/2026\/01\/template-345-1.png\" data-object-fit=\"cover\" srcset=\"https:\/\/lconsult.ch\/wp-content\/uploads\/2026\/01\/template-345-1.png 1024w, https:\/\/lconsult.ch\/wp-content\/uploads\/2026\/01\/template-345-1-300x238.png 300w\" sizes=\"auto, (max-width: 1024px) 100vw, 1024px\" \/><span aria-hidden=\"true\" class=\"wp-block-cover__background has-background-dim\"><\/span><div class=\"wp-block-cover__inner-container is-layout-flow wp-block-cover-is-layout-flow\">\n<p class=\"has-text-align-center has-large-font-size\">Consulting f\u00fcr den Mittelstand<\/p>\n<\/div><\/div>\n\n\n\n<h2 class=\"wp-block-heading\">Unsere Strategie \u2013 Ihr Erfolg<\/h2>\n\n\n\n<ul class=\"wp-block-list\">\n<li>Strategie f\u00fcr Ihren gesch\u00e4ftlichen und privaten Verm\u00f6gensaufbau. Wir verbinden Unternehmenswert mit privater Vorsorge.<\/li>\n\n\n\n<li>Die L\u00fctolf Consult vereint langj\u00e4hrige Expertise in der Unternehmensberatung mit einer ganzheitlichen Verm\u00f6gensberatung.<\/li>\n\n\n\n<li>1. Unternehmensberatung: Mehr Wert in Ihrem Betrieb \u2013 f\u00fcr stabile Ertr\u00e4ge.<\/li>\n\n\n\n<li>2. Verm\u00f6gensberatung: Mehr Wert f\u00fcr Ihr Privatverm\u00f6gen \u2013 unabh\u00e4ngig und massgeschneidert.<\/li>\n\n\n\n<li>Die Strategie f\u00fcr Ihr Unternehmen ist die Grundlage f\u00fcr Ihre private Verm\u00f6gensplanung. So schaffen Sie nachhaltigen Wohlstand.<\/li>\n\n\n\n<li>Gemeinsam starten \u2013 Vereinbaren Sie Ihr unverbindliches Erstgespr\u00e4ch.<\/li>\n<\/ul>\n","protected":false},"excerpt":{"rendered":"<p>Unsere Strategie \u2013 Ihr Erfolg<\/p>\n","protected":false},"author":1,"featured_media":0,"parent":0,"menu_order":0,"comment_status":"closed","ping_status":"closed","template":"","meta":{"footnotes":""},"class_list":["post-99","page","type-page","status-publish","hentry"],"_links":{"self":[{"href":"https:\/\/lconsult.ch\/index.php?rest_route=\/wp\/v2\/pages\/99","targetHints":{"allow":["GET"]}}],"collection":[{"href":"https:\/\/lconsult.ch\/index.php?rest_route=\/wp\/v2\/pages"}],"about":[{"href":"https:\/\/lconsult.ch\/index.php?rest_route=\/wp\/v2\/types\/page"}],"author":[{"embeddable":true,"href":"https:\/\/lconsult.ch\/index.php?rest_route=\/wp\/v2\/users\/1"}],"replies":[{"embeddable":true,"href":"https:\/\/lconsult.ch\/index.php?rest_route=%2Fwp%2Fv2%2Fcomments&post=99"}],"version-history":[{"count":4,"href":"https:\/\/lconsult.ch\/index.php?rest_route=\/wp\/v2\/pages\/99\/revisions"}],"predecessor-version":[{"id":126,"href":"https:\/\/lconsult.ch\/index.php?rest_route=\/wp\/v2\/pages\/99\/revisions\/126"}],"wp:attachment":[{"href":"https:\/\/lconsult.ch\/index.php?rest_route=%2Fwp%2Fv2%2Fmedia&parent=99"}],"curies":[{"name":"wp","href":"https:\/\/api.w.org\/{rel}","templated":true}]}}